{"id":336,"date":"2023-10-24T18:27:34","date_gmt":"2023-10-24T18:27:34","guid":{"rendered":"https:\/\/zumschnackert.com\/datenschutz-und-cookies\/"},"modified":"2023-12-13T22:06:43","modified_gmt":"2023-12-13T22:06:43","slug":"datenschutz-und-cookies","status":"publish","type":"page","link":"https:\/\/zumschnackert.com\/de\/datenschutz-und-cookies\/","title":{"rendered":"Datenschutz und Cookies"},"content":{"rendered":"[vc_row type=&#8220;full_width_background&#8220; full_screen_row_position=&#8220;middle&#8220; column_margin=&#8220;default&#8220; equal_height=&#8220;yes&#8220; content_placement=&#8220;middle&#8220; column_direction=&#8220;default&#8220; column_direction_tablet=&#8220;default&#8220; column_direction_phone=&#8220;default&#8220; bg_color=&#8220;#000000&#8243; bg_image=&#8220;76&#8243; bg_position=&#8220;center center&#8220; background_image_loading=&#8220;default&#8220; bg_repeat=&#8220;no-repeat&#8220; scene_position=&#8220;center&#8220; top_padding=&#8220;150&#8243; constrain_group_1=&#8220;yes&#8220; bottom_padding=&#8220;150&#8243; text_color=&#8220;light&#8220; text_align=&#8220;left&#8220; row_border_radius=&#8220;none&#8220; row_border_radius_applies=&#8220;bg&#8220; overflow=&#8220;visible&#8220; color_overlay=&#8220;#000000&#8243; overlay_strength=&#8220;0.5&#8243; gradient_direction=&#8220;left_to_right&#8220; shape_divider_position=&#8220;bottom&#8220; bg_image_animation=&#8220;none&#8220; gradient_type=&#8220;default&#8220; shape_type=&#8220;&#8220;][vc_column column_padding=&#8220;no-extra-padding&#8220; column_padding_tablet=&#8220;inherit&#8220; column_padding_phone=&#8220;inherit&#8220; column_padding_position=&#8220;all&#8220; column_element_direction_desktop=&#8220;default&#8220; column_element_spacing=&#8220;default&#8220; desktop_text_alignment=&#8220;default&#8220; tablet_text_alignment=&#8220;default&#8220; phone_text_alignment=&#8220;default&#8220; background_color_opacity=&#8220;1&#8243; background_hover_color_opacity=&#8220;1&#8243; column_backdrop_filter=&#8220;none&#8220; column_shadow=&#8220;none&#8220; column_border_radius=&#8220;none&#8220; column_link_target=&#8220;_self&#8220; column_position=&#8220;default&#8220; gradient_direction=&#8220;left_to_right&#8220; overlay_strength=&#8220;0.3&#8243; width=&#8220;1\/6&#8243; tablet_width_inherit=&#8220;default&#8220; animation_type=&#8220;default&#8220; bg_image_animation=&#8220;none&#8220; border_type=&#8220;simple&#8220; column_border_width=&#8220;none&#8220; column_border_style=&#8220;solid&#8220;][\/vc_column][vc_column column_padding=&#8220;no-extra-padding&#8220; column_padding_tablet=&#8220;inherit&#8220; column_padding_phone=&#8220;inherit&#8220; column_padding_position=&#8220;all&#8220; column_element_direction_desktop=&#8220;default&#8220; column_element_spacing=&#8220;default&#8220; centered_text=&#8220;true&#8220; desktop_text_alignment=&#8220;default&#8220; tablet_text_alignment=&#8220;default&#8220; phone_text_alignment=&#8220;default&#8220; background_color_opacity=&#8220;1&#8243; background_hover_color_opacity=&#8220;1&#8243; column_backdrop_filter=&#8220;none&#8220; column_shadow=&#8220;none&#8220; column_border_radius=&#8220;none&#8220; column_link_target=&#8220;_self&#8220; column_position=&#8220;default&#8220; gradient_direction=&#8220;left_to_right&#8220; overlay_strength=&#8220;0.3&#8243; width=&#8220;2\/3&#8243; tablet_width_inherit=&#8220;default&#8220; animation_type=&#8220;default&#8220; bg_image_animation=&#8220;none&#8220; border_type=&#8220;simple&#8220; column_border_width=&#8220;none&#8220; column_border_style=&#8220;solid&#8220; column_padding_type=&#8220;default&#8220; gradient_type=&#8220;default&#8220;][vc_column_text]\n<h1 class=\"wit\" style=\"text-align: center;\">Datenschutz- und Cookie-Erkl\u00e4rung<\/h1>\n<p>Diese Datenschutz- und Cookie-Erkl\u00e4rung gibt Ihnen Einblick in unseren Umgang mit Ihren personenbezogenen Daten, die Verwendung von Cookies auf dieser Website und wie Sie Ihre Rechte in Bezug auf Ihre personenbezogenen Daten aus\u00fcben k\u00f6nnen. Diese Datenschutz- und Cookie-Erkl\u00e4rung gilt nicht f\u00fcr Websites Dritter, die \u00fcber Links auf dieser Website besucht werden k\u00f6nnen.<\/p>\n[\/vc_column_text][\/vc_column][vc_column column_padding=&#8220;no-extra-padding&#8220; column_padding_tablet=&#8220;inherit&#8220; column_padding_phone=&#8220;inherit&#8220; column_padding_position=&#8220;all&#8220; column_element_direction_desktop=&#8220;default&#8220; column_element_spacing=&#8220;default&#8220; desktop_text_alignment=&#8220;default&#8220; tablet_text_alignment=&#8220;default&#8220; phone_text_alignment=&#8220;default&#8220; background_color_opacity=&#8220;1&#8243; background_hover_color_opacity=&#8220;1&#8243; column_backdrop_filter=&#8220;none&#8220; column_shadow=&#8220;none&#8220; column_border_radius=&#8220;none&#8220; column_link_target=&#8220;_self&#8220; column_position=&#8220;default&#8220; gradient_direction=&#8220;left_to_right&#8220; overlay_strength=&#8220;0.3&#8243; width=&#8220;1\/6&#8243; tablet_width_inherit=&#8220;default&#8220; animation_type=&#8220;default&#8220; bg_image_animation=&#8220;none&#8220; border_type=&#8220;simple&#8220; column_border_width=&#8220;none&#8220; column_border_style=&#8220;solid&#8220;][\/vc_column][\/vc_row][vc_row type=&#8220;in_container&#8220; full_screen_row_position=&#8220;middle&#8220; column_margin=&#8220;default&#8220; column_direction=&#8220;default&#8220; column_direction_tablet=&#8220;default&#8220; column_direction_phone=&#8220;default&#8220; scene_position=&#8220;center&#8220; top_padding=&#8220;50&#8243; constrain_group_1=&#8220;yes&#8220; bottom_padding=&#8220;50&#8243; text_color=&#8220;dark&#8220; text_align=&#8220;left&#8220; row_border_radius=&#8220;none&#8220; row_border_radius_applies=&#8220;bg&#8220; overflow=&#8220;visible&#8220; overlay_strength=&#8220;0.3&#8243; gradient_direction=&#8220;left_to_right&#8220; shape_divider_position=&#8220;bottom&#8220; bg_image_animation=&#8220;none&#8220; gradient_type=&#8220;default&#8220; shape_type=&#8220;&#8220;][vc_column column_padding=&#8220;no-extra-padding&#8220; column_padding_tablet=&#8220;inherit&#8220; column_padding_phone=&#8220;inherit&#8220; column_padding_position=&#8220;all&#8220; column_element_direction_desktop=&#8220;default&#8220; column_element_spacing=&#8220;default&#8220; desktop_text_alignment=&#8220;default&#8220; tablet_text_alignment=&#8220;default&#8220; phone_text_alignment=&#8220;default&#8220; background_color_opacity=&#8220;1&#8243; background_hover_color_opacity=&#8220;1&#8243; column_backdrop_filter=&#8220;none&#8220; column_shadow=&#8220;none&#8220; column_border_radius=&#8220;none&#8220; column_link_target=&#8220;_self&#8220; column_position=&#8220;default&#8220; gradient_direction=&#8220;left_to_right&#8220; overlay_strength=&#8220;0.3&#8243; width=&#8220;1\/6&#8243; tablet_width_inherit=&#8220;default&#8220; animation_type=&#8220;default&#8220; bg_image_animation=&#8220;none&#8220; border_type=&#8220;simple&#8220; column_border_width=&#8220;none&#8220; column_border_style=&#8220;solid&#8220;][\/vc_column][vc_column column_padding=&#8220;no-extra-padding&#8220; column_padding_tablet=&#8220;inherit&#8220; column_padding_phone=&#8220;inherit&#8220; column_padding_position=&#8220;all&#8220; column_element_direction_desktop=&#8220;default&#8220; column_element_spacing=&#8220;default&#8220; desktop_text_alignment=&#8220;default&#8220; tablet_text_alignment=&#8220;default&#8220; phone_text_alignment=&#8220;default&#8220; background_color_opacity=&#8220;1&#8243; background_hover_color_opacity=&#8220;1&#8243; column_backdrop_filter=&#8220;none&#8220; column_shadow=&#8220;none&#8220; column_border_radius=&#8220;none&#8220; column_link_target=&#8220;_self&#8220; column_position=&#8220;default&#8220; gradient_direction=&#8220;left_to_right&#8220; overlay_strength=&#8220;0.3&#8243; width=&#8220;2\/3&#8243; tablet_width_inherit=&#8220;default&#8220; animation_type=&#8220;default&#8220; bg_image_animation=&#8220;none&#8220; border_type=&#8220;simple&#8220; column_border_width=&#8220;none&#8220; column_border_style=&#8220;solid&#8220;][vc_row_inner equal_height=&#8220;yes&#8220; content_placement=&#8220;middle&#8220; column_margin=&#8220;default&#8220; column_direction=&#8220;default&#8220; column_direction_tablet=&#8220;default&#8220; column_direction_phone=&#8220;default&#8220; text_align=&#8220;left&#8220; row_position=&#8220;default&#8220; row_position_tablet=&#8220;inherit&#8220; row_position_phone=&#8220;inherit&#8220; overflow=&#8220;visible&#8220; pointer_events=&#8220;all&#8220;][vc_column_inner column_padding=&#8220;no-extra-padding&#8220; column_padding_tablet=&#8220;inherit&#8220; column_padding_phone=&#8220;inherit&#8220; column_padding_position=&#8220;all&#8220; column_element_direction_desktop=&#8220;default&#8220; column_element_spacing=&#8220;default&#8220; desktop_text_alignment=&#8220;default&#8220; tablet_text_alignment=&#8220;default&#8220; phone_text_alignment=&#8220;default&#8220; background_color_opacity=&#8220;1&#8243; background_hover_color_opacity=&#8220;1&#8243; column_backdrop_filter=&#8220;none&#8220; column_shadow=&#8220;none&#8220; column_border_radius=&#8220;none&#8220; column_link_target=&#8220;_self&#8220; overflow=&#8220;visible&#8220; gradient_direction=&#8220;left_to_right&#8220; overlay_strength=&#8220;0.3&#8243; width=&#8220;1\/1&#8243; tablet_width_inherit=&#8220;default&#8220; animation_type=&#8220;default&#8220; bg_image_animation=&#8220;none&#8220; border_type=&#8220;simple&#8220; column_border_width=&#8220;none&#8220; column_border_style=&#8220;solid&#8220; column_padding_type=&#8220;default&#8220; gradient_type=&#8220;default&#8220;][vc_column_text]\n<p><strong>Welche personenbezogenen Daten nutzen wir und warum?<\/strong> <br \/>Wir verarbeiten Ihre personenbezogenen Daten f\u00fcr verschiedene Zwecke. Nachfolgend k\u00f6nnen Sie sehen, was diese Zwecke sind und welche personenbezogenen Daten hierf\u00fcr verwendet werden.<\/p>\n<ol>\n<li>Um mit Ihnen zu kommunizieren, werden folgende personenbezogene Daten verarbeitet:<\/li>\n<\/ol>\n<p>\u27a2 Name <br \/>\u27a2 E-Mail-Adresse<\/p>\n<p><u>Aufbewahrungsfrist:<\/u> <br \/>Grunds\u00e4tzlich bleiben Kommentare auf der Website im Rahmen unseres berechtigten Interesses immer verf\u00fcgbar, es sei denn, Sie fordern uns auf, sie zu entfernen. Bei einer Kontaktaufnahme per E-Mail, Telefon, unserem Kontaktformular, Social Media oder WhatsApp verarbeiten wir die personenbezogenen Daten f\u00fcr maximal 3 Jahre.<\/p>\n<p><u>Basis:<\/u> <br \/>Berechtigtes Interesse. Wir verarbeiten personenbezogene Daten maximal 3 Jahre lang, um festzustellen, wann und mit wem wir zuletzt Kontakt hatten. Auf diese Weise k\u00f6nnen wir einfacher reagieren, wenn Sie uns erneut kontaktieren. Wir haben unsere Interessen sorgf\u00e4ltig gegen Ihre Datenschutzinteressen abgewogen und werden selbstverst\u00e4ndlich nicht mehr personenbezogene Daten verarbeiten als unbedingt erforderlich.<\/p>\n<ol start=\"2\">\n<li>Um einen Vertrag mit Ihnen abzuschlie\u00dfen und durchzuf\u00fchren, werden folgende personenbezogene Daten verarbeitet:<\/li>\n<\/ol>\n<p>\u27a2 Firmenname <br \/>\u27a2 Handelskammernummer <br \/>\u27a2 Vor- und Nachname <br \/>\u27a2 Adresse <br \/>\u27a2 E-Mail-Adresse <br \/>\u27a2 Telefonnummer<\/p>\n<p>Im Streitfall k\u00f6nnen zudem folgende personenbezogene Daten verarbeitet werden: <br \/>\u27a2 Firmenname (bevollm\u00e4chtigter Vertreter) der anderen Partei <br \/>\u27a2 Vor- und Nachname (Vertreter) der anderen Partei <br \/>\u27a2 Adresse (Vertreter) der anderen Partei <br \/>\u27a2 E-Mail-Adresse (bevollm\u00e4chtigter Vertreter) der anderen Partei <br \/>\u27a2 Telefonnummer (bevollm\u00e4chtigter Vertreter) der anderen Partei<\/p>\n<p><u>Aufbewahrungsfrist:<br \/><\/u>Wir verarbeiten diese personenbezogenen Daten w\u00e4hrend der Vertragslaufzeit und solange die Verj\u00e4hrungsfrist nicht abgelaufen ist. Wir erstellen f\u00fcr jeden Kunden eine Datei, die neben den genannten personenbezogenen Daten alle Informationen enth\u00e4lt, auf denen unsere Beratungsarbeit und Interessenvertretung basiert.<\/p>\n<p><u>Basis: <br \/><\/u>Erforderlich f\u00fcr die Vertragsabwicklung und berechtigtes Interesse. Wir haben sorgf\u00e4ltig abgewogen, wie wichtig es ist, unsere eigene rechtliche und beweisrechtliche Position zu wahren (einschlie\u00dflich der Rechenschaftslegung \u00fcber unser Handeln im Nachhinein) und Ihren Datenschutzinteressen gegen\u00fcberzustellen, und werden selbstverst\u00e4ndlich nicht mehr personenbezogene Daten verarbeiten, als unbedingt erforderlich ist.<\/p>\n<ol start=\"3\">\n<li>Um ein Angebot und eine Rechnung erstellen zu k\u00f6nnen, werden folgende personenbezogene Daten verarbeitet:<\/li>\n<\/ol>\n<p>\u27a2 Firmenname <br \/>\u27a2 Handelskammernummer <br \/>\u27a2 Umsatzsteuer-Identifikationsnummer <br \/>\u27a2 Adresse <br \/>\u27a2 E-Mail-Adresse <br \/>\u27a2 Kundennummer <br \/>\u27a2 Rechnungsnummer<\/p>\n<p><span style=\"text-decoration: underline;\">Aufbewahrungsfrist:<\/span> <br \/>Wir bewahren Angebote, Rechnungen und Zahlungsdaten 7 Jahre lang auf, um der steuerrechtlichen Aufbewahrungspflicht nachzukommen.<\/p>\n<p><u>Basis:<br \/><\/u>Erforderlich f\u00fcr die Ausf\u00fchrung des Vertrags und zur Einhaltung einer gesetzlichen Verpflichtung.<\/p>\n<p>Die oben genannten personenbezogenen Daten haben Sie uns selbst zur Verf\u00fcgung gestellt oder wir haben sie \u00fcber das Handelsregister der Handelskammer erhoben. Wir verarbeiten personenbezogene Daten nicht f\u00fcr andere Zwecke als die, f\u00fcr die die Daten erhoben wurden.<\/p>\n<p>An wen geben wir Ihre personenbezogenen Daten weiter? Es ist m\u00f6glich, dass Ihre personenbezogenen Daten an von uns eingesetzte Auftragsverarbeiter weitergegeben werden. Wir nutzen folgende Auftragsverarbeiter: <br \/>\u27a2 Website und E-Mail-Anbieter <br \/>\u27a2 Abrechnungssystem <br \/>\u27a2 WordPress<\/p>\n<p>Wir haben mit allen Auftragsverarbeitern, sowohl innerhalb als auch au\u00dferhalb der Europ\u00e4ischen Union, einen Verarbeitungsvertrag abgeschlossen. Leider ist es nicht immer m\u00f6glich, personenbezogene Daten nur innerhalb der Europ\u00e4ischen Union zu verarbeiten. Sofern personenbezogene Daten von uns au\u00dferhalb der Europ\u00e4ischen Union verarbeitet werden, erfolgt dies ausschlie\u00dflich durch Unternehmen mit Sitz in einem entsprechenden, von der Europ\u00e4ischen Kommission benannten Land.<\/p>\n<p>Wir verkaufen Ihre personenbezogenen Daten nicht an Dritte und geben sie nur dann weiter, wenn dies f\u00fcr die Vertragsabwicklung mit Ihnen erforderlich ist, Sie Ihre Einwilligung dazu erteilt haben oder um einer gesetzlichen Verpflichtung nachzukommen.<\/p>\n<p><strong>Welche Sicherheitsma\u00dfnahmen haben wir ergriffen? <br \/><\/strong>Um personenbezogene Daten vor unrechtm\u00e4\u00dfiger Verarbeitung oder Verlust zu sch\u00fctzen, haben wir die erforderlichen technischen und organisatorischen Ma\u00dfnahmen getroffen. Beispielsweise verf\u00fcgt die Website \u00fcber ein SSL-Zertifikat, es wird kein unbekanntes\/offenes WLAN verwendet und Ger\u00e4te und E-Mails sind durch Passw\u00f6rter und Antivirensoftware gesch\u00fctzt. Wenn wir andere Parteien, sogenannte Auftragsverarbeiter, einsetzen, stellen wir sicher, dass diese ebenfalls angemessene Ma\u00dfnahmen ergriffen haben.<\/p>\n<p>Wenn Sie den Eindruck haben, dass Ihre personenbezogenen Daten nicht ordnungsgem\u00e4\u00df gesch\u00fctzt sind oder Anhaltspunkte f\u00fcr einen Missbrauch vorliegen, kontaktieren Sie uns bitte schnellstm\u00f6glich \u00fcber die unten angegebenen Kontaktdaten.<\/p>\n<p><strong><u>Cookies <br \/><\/u><\/strong>Zum Schnackert verwendet auf dieser Website Cookies. Cookies sind Textdateien, die beim Besuch der Website auf Ihrem Computer oder Mobilger\u00e4t gespeichert werden. \u00dcber unsere Website werden nur funktionale Cookies platziert. Dabei handelt es sich um Cookies, die daf\u00fcr sorgen, dass die Website ordnungsgem\u00e4\u00df funktioniert. Diese Cookies werden beispielsweise verwendet, um Ihre Browsereinstellungen auszulesen und die Website korrekt auf Ihrem Bildschirm anzuzeigen. Weitere Informationen zu Cookies finden Sie auf der <a href=\"https:\/\/www.consuwijzer.nl\/telecom-post\/internet\/privacy\/cookies\">ConsuWijzer-Website.<\/a><\/p>\n<p>Die meisten Browser akzeptieren Cookies automatisch, Sie k\u00f6nnen Ihre Browsereinstellungen jedoch so anpassen, dass Cookies abgelehnt werden. Dies m\u00fcssen Sie f\u00fcr jeden Browser und f\u00fcr jeden Computer neu einstellen. Weitere Informationen zum Aktivieren, Deaktivieren und L\u00f6schen von Cookies finden Sie in den folgenden Anweisungen und\/oder \u00fcber die Hilfefunktion Ihres Browsers. <a href=\"https:\/\/www.consumentenbond.nl\/internet-privacy\/cookies-verwijderen\">https:\/\/www.consumentenbond.nl\/internet-privacy\/cookies-verwijderen<\/a><\/p>\n<p><strong><u>Schaltfl\u00e4chen f\u00fcr soziale Medien<\/u><\/strong> <br \/>An verschiedenen Stellen der Website finden Sie Social-Media-Buttons, mit denen Sie Zum Schnackert auf diesem Kanal folgen oder die von Zum Schnackert geposteten Texte ganz einfach teilen k\u00f6nnen. Diese Social-Media-Kan\u00e4le sammeln Informationen, die sie \u00fcber die von ihnen platzierten Cookies erhalten k\u00f6nnen. Dabei handelt es sich um Social-Media-Buttons von <a href=\"https:\/\/www.facebook.com\/about\/privacy\/\">Facebook<\/a>, <a href=\"https:\/\/www.linkedin.com\/legal\/privacy-policy\">LinkedIn<\/a> en <a href=\"https:\/\/help.instagram.com\/155833707900388\">Instagram<\/a>. Klicken Sie auf den Namen des Kanals im vorherigen Satz, um die Datenschutzerkl\u00e4rungen (die sich regelm\u00e4\u00dfig \u00e4ndern k\u00f6nnen) zu lesen und herauszufinden, was mit den \u00fcber Cookies gesammelten Informationen geschieht. Die von ihnen erfassten Informationen werden weitestgehend anonymisiert und an Facebook, LinkedIn und Instagram \u00fcbertragen und auf Servern in den USA gespeichert. Facebook, LinkedIn und Instagram befolgen die Grunds\u00e4tze des EU-US Privacy Shield und sind dem Privacy Shield-Programm des US-Handelsministeriums angeschlossen. Dies bedeutet, dass f\u00fcr die Verarbeitung personenbezogener Daten ein angemessenes Schutzniveau besteht.<\/p>\n<p><strong>Welche Rechte haben Sie hinsichtlich Ihrer personenbezogenen Daten?<\/strong> <br \/><u>Zugangsrecht<\/u> <br \/>Eine betroffene Person hat das Recht, Auskunft dar\u00fcber zu verlangen, ob personenbezogene Daten \u00fcber sie verarbeitet werden, und eine Kopie davon zu erhalten.<\/p>\n<p><u>Recht auf Berichtigung<\/u><br \/>Recht auf Berichtigung Eine betroffene Person hat das Recht, unrichtige personenbezogene Daten berichtigen zu lassen oder eine erg\u00e4nzende Erkl\u00e4rung zu unvollst\u00e4ndigen personenbezogenen Daten abzugeben.<\/p>\n<p><u>Recht auf L\u00f6schung\/Vergessen<\/u> <br \/>Wir sind verpflichtet, Ihre personenbezogenen Daten auf Ihren Wunsch unverz\u00fcglich zu l\u00f6schen, wenn diese personenbezogenen Daten f\u00fcr die Zwecke, f\u00fcr die sie erhoben oder anderweitig verarbeitet wurden, nicht mehr erforderlich sind, Sie Ihre Einwilligung widerrufen und keine andere Rechtsgrundlage f\u00fcr die Verarbeitung besteht, Sie widersprechen zu Recht der Verarbeitung, Ihre personenbezogenen Daten wurden unrechtm\u00e4\u00dfig verarbeitet, Ihre personenbezogenen Daten m\u00fcssen zur Erf\u00fcllung einer gesetzlichen Verpflichtung gel\u00f6scht werden oder die personenbezogenen Daten wurden im Zusammenhang mit einem direkten Angebot von Internetdiensten an ein Kind erhoben.<\/p>\n<p><u>Recht auf Einschr\u00e4nkung der Verarbeitung<\/u> <br \/>Das Recht auf Einschr\u00e4nkung bedeutet, dass die Verarbeitung Ihrer personenbezogenen Daten auf Ihren Wunsch (vor\u00fcbergehend) ausgesetzt wird. Die Daten d\u00fcrfen dann nur mit Ihrer Einwilligung, zur Geltendmachung\/Aus\u00fcbung\/Begr\u00fcndung eines Rechtsanspruchs, zum Schutz der Rechte anderer oder aus wichtigen Gr\u00fcnden des \u00f6ffentlichen Interesses der Europ\u00e4ischen Union oder eines Mitgliedstaats verarbeitet werden. Eine Einschr\u00e4nkung der Verarbeitung ist m\u00f6glich, wenn Sie die Richtigkeit der personenbezogenen Daten bestreiten, die Verarbeitung unrechtm\u00e4\u00dfig ist und Sie statt der L\u00f6schung der personenbezogenen Daten die Einschr\u00e4nkung der Nutzung verlangen, wir die personenbezogenen Daten nicht mehr ben\u00f6tigen oder Sie Widerspruch gegen die Verarbeitung eingelegt haben.<\/p>\n<p><u>Recht auf Portabilit\u00e4t\/Datenportabilit\u00e4t<\/u> <br \/>Das Recht auf Daten\u00fcbertragbarkeit gilt nur f\u00fcr Verarbeitungen, die automatisiert auf Grundlage Ihrer Einwilligung oder der Durchf\u00fchrung unseres Vertrags mit Ihnen erfolgen. Das bedeutet, dass Sie das Recht haben, Ihre personenbezogenen Daten in einer strukturierten, g\u00e4ngigen und maschinenlesbaren Form zu erhalten. Der wesentliche Unterschied zum Auskunftsrecht besteht somit in der Art des Erwerbs. Voraussetzung ist, dass es sich hierbei um die Daten handelt, die Sie uns mitgeteilt haben. Sie k\u00f6nnen von uns verlangen, diese Daten direkt an einen Dritten (den neuen Verantwortlichen) weiterzugeben.<\/p>\n<p><u>Widerspruchsrecht<\/u> <br \/>Sie haben das Recht, der (weiteren) Verarbeitung Ihrer personenbezogenen Daten zu widersprechen, beispielsweise wenn die Verarbeitung auf einem berechtigten Interesse beruht.<\/p>\n<p><u>Recht, keiner automatisierten individuellen Entscheidungsfindung\/Profilierung zu unterliegen<\/u> <br \/>Wir nutzen keine automatisierte individuelle Entscheidungsfindung\/Profiling.<\/p>\n<p><u>Anfrage einreichen<\/u> <br \/>Wenn Sie eines dieser Rechte aus\u00fcben m\u00f6chten, k\u00f6nnen Sie \u00fcber die unten angegebenen Kontaktdaten eine Anfrage stellen.<\/p>\n<p>Um sicherzustellen, dass die Zugangsanfrage von Ihnen stammt, bitten wir Sie, der Anfrage eine Kopie Ihres Identit\u00e4tsnachweises beizuf\u00fcgen. Machen Sie in dieser Kopie Ihr Passfoto, die MRZ (maschinenlesbare Zone, der Streifen mit den Zahlen am unteren Rand des Passes), die Passnummer und die B\u00fcrgerservicenummer (BSN) schwarz. Dies dient dem Schutz Ihrer Privatsph\u00e4re.<\/p>\n<p>Sie erhalten schnellstm\u00f6glich, in jedem Fall jedoch innerhalb eines Monats, eine Antwort. Indien het om een complex of omvangrijk verzoek gaat kan deze termijn met twee maanden worden verlengd, hetgeen tevens binnen \u00e9\u00e9n maand aan je wordt medegedeeld.<\/p>\n<p><strong><u>Beschwerde<\/u><\/strong> <br \/>Indien je van mening bent dat wij niet voldoen aan de privacywetgeving dan kun je een klacht indienen bij de Autoriteit Persoonsgegevens. Zie daarvoor <a href=\"https:\/\/autoriteitpersoonsgegevens.nl\/nl\/contact-metde-autoriteit-persoonsgegevens\/tip-ons\">https:\/\/autoriteitpersoonsgegevens.nl\/nl\/contact-metde-autoriteit-persoonsgegevens\/tip-ons<\/a>.<\/p>\n<p><strong><u>\u00c4nderungen<\/u><\/strong> <br \/>Diese Datenschutz- und Cookie-Erkl\u00e4rung kann angepasst werden, beispielsweise im Zusammenhang mit \u00c4nderungen im Gesch\u00e4ftsbetrieb oder sich \u00e4ndernden Gesetzen und Vorschriften. Es wird empfohlen, dass Sie diese Datenschutz- und Cookie-Erkl\u00e4rung regelm\u00e4\u00dfig konsultieren, damit Sie diese \u00c4nderungen rechtzeitig zur Kenntnis nehmen k\u00f6nnen.<\/p>\n<p><strong>Kontact<br \/><\/strong>F\u00fcr W\u00fcnsche, Fragen oder Beschwerden k\u00f6nnen Sie sich an Zum Schnackert wenden, eingetragen im Handelsregister der Handelskammer unter der Nummer<\/p>\n<p>Steinweg 5<br \/>46419 Isselburg,<br \/>Deutschland<\/p>\n<p>Tel. Nr: +49 2874 45466<\/p>\n[\/vc_column_text][\/vc_column_inner][\/vc_row_inner][\/vc_column][vc_column column_padding=&#8220;no-extra-padding&#8220; column_padding_tablet=&#8220;inherit&#8220; column_padding_phone=&#8220;inherit&#8220; column_padding_position=&#8220;all&#8220; column_element_direction_desktop=&#8220;default&#8220; column_element_spacing=&#8220;default&#8220; desktop_text_alignment=&#8220;default&#8220; tablet_text_alignment=&#8220;default&#8220; phone_text_alignment=&#8220;default&#8220; background_color_opacity=&#8220;1&#8243; background_hover_color_opacity=&#8220;1&#8243; column_backdrop_filter=&#8220;none&#8220; column_shadow=&#8220;none&#8220; column_border_radius=&#8220;none&#8220; column_link_target=&#8220;_self&#8220; column_position=&#8220;default&#8220; gradient_direction=&#8220;left_to_right&#8220; overlay_strength=&#8220;0.3&#8243; width=&#8220;1\/6&#8243; tablet_width_inherit=&#8220;default&#8220; animation_type=&#8220;default&#8220; bg_image_animation=&#8220;none&#8220; border_type=&#8220;simple&#8220; column_border_width=&#8220;none&#8220; column_border_style=&#8220;solid&#8220;][\/vc_column][\/vc_row]\n","protected":false},"excerpt":{"rendered":"<p>[vc_row type=&#8220;full_width_background&#8220; full_screen_row_position=&#8220;middle&#8220; column_margin=&#8220;default&#8220; equal_height=&#8220;yes&#8220; content_placement=&#8220;middle&#8220; column_direction=&#8220;default&#8220; column_direction_tablet=&#8220;default&#8220; column_direction_phone=&#8220;default&#8220; bg_color=&#8220;#000000&#8243; bg_image=&#8220;76&#8243; bg_position=&#8220;center center&#8220; background_image_loading=&#8220;default&#8220; bg_repeat=&#8220;no-repeat&#8220; scene_position=&#8220;center&#8220; top_padding=&#8220;150&#8243; constrain_group_1=&#8220;yes&#8220; bottom_padding=&#8220;150&#8243; text_color=&#8220;light&#8220; text_align=&#8220;left&#8220; row_border_radius=&#8220;none&#8220; row_border_radius_applies=&#8220;bg&#8220; overflow=&#8220;visible&#8220; color_overlay=&#8220;#000000&#8243; overlay_strength=&#8220;0.5&#8243; gradient_direction=&#8220;left_to_right&#8220; shape_divider_position=&#8220;bottom&#8220; bg_image_animation=&#8220;none&#8220; gradient_type=&#8220;default&#8220;&#8230;<\/p>\n","protected":false},"author":1,"featured_media":0,"parent":0,"menu_order":0,"comment_status":"closed","ping_status":"closed","template":"","meta":{"footnotes":""},"class_list":["post-336","page","type-page","status-publish"],"_links":{"self":[{"href":"https:\/\/zumschnackert.com\/de\/wp-json\/wp\/v2\/pages\/336","targetHints":{"allow":["GET"]}}],"collection":[{"href":"https:\/\/zumschnackert.com\/de\/wp-json\/wp\/v2\/pages"}],"about":[{"href":"https:\/\/zumschnackert.com\/de\/wp-json\/wp\/v2\/types\/page"}],"author":[{"embeddable":true,"href":"https:\/\/zumschnackert.com\/de\/wp-json\/wp\/v2\/users\/1"}],"replies":[{"embeddable":true,"href":"https:\/\/zumschnackert.com\/de\/wp-json\/wp\/v2\/comments?post=336"}],"version-history":[{"count":0,"href":"https:\/\/zumschnackert.com\/de\/wp-json\/wp\/v2\/pages\/336\/revisions"}],"wp:attachment":[{"href":"https:\/\/zumschnackert.com\/de\/wp-json\/wp\/v2\/media?parent=336"}],"curies":[{"name":"wp","href":"https:\/\/api.w.org\/{rel}","templated":true}]}}